{"id":4472,"date":"2024-12-31T10:35:31","date_gmt":"2024-12-31T09:35:31","guid":{"rendered":"https:\/\/infodienst.info\/?page_id=4472"},"modified":"2025-11-23T11:26:41","modified_gmt":"2025-11-23T10:26:41","slug":"imprint","status":"publish","type":"page","link":"https:\/\/infodienst.info\/?page_id=4472","title":{"rendered":"IMPRESSUM"},"content":{"rendered":"<!-- wp:extendstudio\/materialis--><div  data-label=\"Cta\" data-id=\"cta--1\" data-export-id=\"cta-4-materialis\" data-category=\"cta\" class=\"cta-4m content-section content-section-spacing-large\" id=\"cta-1\" style=\"background-color: rgb(255, 255, 255); background-image: none;\" data-section-ov=\"1\">\n<div  class=\"gridContainer\">\n<div  class=\"row text-center\">\n<div  class=\"section-title-col\" data-type=\"column\" style=\"text-align: left;\">\n<h4  class=\"\" style=\"text-align: left;\"><span  style=\"font-family: arial, helvetica, sans-serif; font-weight: 600; color: #000000;\">Angaben gem\u00e4\u00df \u00a7 5 Digitale-Dienste-Gesetz (DDG)<\/span><\/h4>\n<p  class=\"\" style=\"text-align: left;\"><span  style=\"font-family: arial, helvetica, sans-serif; color: #000000;\"><span  style=\"font-weight: 600;\">\u00c6ON-Z Infodienst fut\u016brum\n\n\n<br ><\/span>Die Backup-Seite<br ><br ><span  style=\"font-weight: bold;\">Ansprechpartner<\/span><br >Wolfgang W. Koestner<br >V\u00eda Melesigeni, 7<br >E-07589 Canyamel <br ><br ><span  style=\"font-weight: 600;\">US Office<\/span><br >Stella Koestner, M.Sc.<br >4057 Foothill Road<br >Santa Barbara<br >CA 93110, USA<br ><br ><span  style=\"font-weight: bold;\">Kontakt<\/span><br >\n+49 152 52192444<br >mail [at] infodienst.info\n<br >mail [at] aeon-z.org<br ><br ><span  style=\"font-weight: bold;\">Verantwortlich f\u00fcr den Inhalt nach \u00a7 18 Abs. 2 MStV<\/span><br >Robert K. Falck<br >rkfalck2010 [at] gmail.com <br >\n<br >\n<span  style=\"font-weight: 700;\">Redaktionsstatut<\/span><br >\nAufzukl\u00e4ren und aufzur\u00fctteln \u2013 durch Fokussierung auf die wesentlichen Nachrichten, durch in die Tiefe und an die Wurzeln gehende Interviews sowie durch investigative Recherchen. Das sind die informationellen Ziele. Die Redaktion pflegt ein Berufsethos von Redlichkeit und Wahrhaftigkeit. Es ist die Verpflichtung, als sog. Vierte Gewalt, als unabh\u00e4ngiger Beobachter, aus einer Position der Objektivit\u00e4t heraus (soweit es menschenm\u00f6glich ist) eine gesellschaftliche Kontrollfunktion wahrzunehmen, die typisch f\u00fcr freiheitlich verfasste Gesellschaften sein sollte. \u00bbEinen guten Journalisten erkennt man daran, dass er Distanz zum Gegenstand seiner Betrachtung h\u00e4lt; dass er sich nicht gemein macht mit einer Sache, auch nicht mit einer guten Sache; dass er immer dabei ist, aber nie dazugeh\u00f6rt.\u00ab Dieser Satz findet sich als Klappentext auf der R\u00fcckseite der Autobiografie \u00bb<a  href=\"https:\/\/www.amazon.de\/Journalistenleben-Hanns-J-Friedrichs\/dp\/3426268345\" data-mce-selected=\"inline-boundary\" class=\"\">Journalistenleben<\/a>\u00ab des Journalisten und einstigen Tagesthemen-Moderators Hanns Joachim Friedrichs. Die Redaktion stimmt entschieden zu. Sie unterscheidet daher streng zwischen Information\/Nachricht und Meinung. Meinungsbeitr\u00e4ge sind eindeutig als \u00bbKommentar\u00ab gekennzeichnet.<br ><br ><span  style=\"font-weight: 600;\">Transparenzhinweis<\/span> <br >Die Redakteure des Online-Informationsdienstes \u203aInfodienst fut\u016brum\u2039 sind weder Mitglieder noch Funktion\u00e4re einer politischen Partei, weder Angeh\u00f6rige eines religi\u00f6sen Bekenntnisses noch einer sonstigen weltanschaulich gebundenen Institution. Sie&nbsp;setzen sich proaktiv f\u00fcr die b\u00fcrgerlichen Freiheitswerte ein, vor allem f\u00fcr die Freiheit des Denkens und der Meinungs\u00e4u\u00dferung (insbesondere f\u00fcr das Recht der Religions-, Ideologie- und Weltanschauungs-Kritik), die Freiheit von Forschung, Wissenschaft, Lehre und Kunst, die freie Berufswahl, die Informationsfreiheit sowie die Presse- und Versammlungsfreiheit.\n<br >\n<br ><span  style=\"font-weight: 600;\">Zensur<\/span>\n<br >Die um sich greifende Zensur in der EU hat das Ziel, kritische Informationsquellen, kritische Gedanken und Meinungen zum Schweigen zu bringen. Es ist nicht auszuschlie\u00dfen, dass es auch diese Website mit ihren kritisch-rationalen, gegen Wahn, Aberglaube und Irrationalismus gerichteten Inhalten irgendwann treffen k\u00f6nnte. Solche St\u00f6rversuche lassen sich umgehen. Mit den nachfolgenden Adressen k\u00f6nnen Sie diese Website auch nach einer Sperre der Haupt-Domain erreichen:<br >\n\n<br >https:\/\/infodienst.info<br >\nhttps:\/\/aeon-z.org<br >\nhttps:\/\/aeon-z.com<br >\n\n<br >Wir empfehlen, diese Adressen als Lesezeichen zu speichern.<br ><br ><span  style=\"font-weight: bold;\">\u00a9 Copyright 2009-2025 \u2013 Urheberrechtshinweis<\/span> <br ><br >Alle Inhalte dieser Webseite, insbesondere die Themen- und Infolandkarten, Texte, Fotografien und Grafiken, sind urheberrechtlich gesch\u00fctzt. Das Urheberrecht liegt f\u00fcr Fotos und Illustrationen, soweit nicht ausdr\u00fccklich anders gekennzeichnet, bei Pixabay (<a  href=\"https:\/\/pixabay.com\/de\/service\/terms\" class=\"\">pixabay.com<\/a>), f\u00fcr alles andere bei infodienst.info. Bitte fragen Sie den Rechteinhaber per <a  href=\"mailto:infodienst.de@protonmail.com\">E-Mail<\/a>, falls Sie die Inhalte dieses Internetangebotes verwenden m\u00f6chten.<\/span><\/p>\n<p  class=\"\"><span  style=\"font-family: arial, helvetica, sans-serif; color: #000000;\">Siehe auch\/see also:<\/span> <a  href=\"https:\/\/infodienst.info?page_id=50719\" data-mce-selected=\"inline-boundary\">Mission<\/a>.<\/p>\n<h5  class=\"\" style=\"text-align: left;\"><span  style=\"color: #000000;\"><b >Haftungsausschluss.<\/b><\/span><\/h5>\n<p  class=\"\" style=\"text-align: left;\"><span  style=\"font-family: arial, helvetica, sans-serif; color: #000000;\"><span  style=\"font-weight: bold;\">Haftung f\u00fcr Links<\/span><br >Unser Angebot enth\u00e4lt Links zu externen Webseiten Dritter, auf deren Inhalte wir keinen Einfluss haben. Deshalb k\u00f6nnen wir f\u00fcr diese fremden Inhalte auch keine Gew\u00e4hr \u00fcbernehmen. F\u00fcr die Inhalte der verlinkten Seiten ist stets der jeweilige Anbieter oder Betreiber der Seiten verantwortlich. Die verlinkten Seiten wurden zum Zeitpunkt der Verlinkung auf m\u00f6gliche Rechtsverst\u00f6\u00dfe \u00fcberpr\u00fcft. Rechtswidrige Inhalte waren zum Zeitpunkt der Verlinkung nicht erkennbar. Eine permanente inhaltliche Kontrolle der verlinkten Seiten ist jedoch ohne konkrete Anhaltspunkte einer Rechtsverletzung nicht zumutbar. Bei Bekanntwerden von Rechtsverletzungen werden wir derartige Links umgehend entfernen.<br ><br ><span  style=\"font-weight: bold;\">Urheberrecht (s. oben)<\/span><br >Die durch die Seitenbetreiber erstellten Inhalte und Werke auf diesen Seiten unterliegen dem deutschen Urheberrecht. Die Vervielf\u00e4ltigung, Bearbeitung, Verbreitung und jede Art der Verwertung au\u00dferhalb der Grenzen des Urheberrechtes bed\u00fcrfen der schriftlichen Zustimmung des jeweiligen Autors bzw. Erstellers. Downloads und Kopien dieser Seite sind nur f\u00fcr den privaten, nicht kommerziellen Gebrauch gestattet. Soweit die Inhalte auf dieser Seite nicht vom Betreiber erstellt wurden, werden die Urheberrechte Dritter beachtet. Insbesondere werden Inhalte Dritter als solche gekennzeichnet. Sollten Sie trotzdem auf eine Urheberrechtsverletzung aufmerksam werden, bitten wir um einen entsprechenden Hinweis. Bei Bekanntwerden von Rechtsverletzungen werden wir derartige Inhalte umgehend entfernen.<br ><br ><span  style=\"font-weight: bold;\">Datenschutz<\/span><br >Die Nutzung unserer Webseite ist in der Regel ohne Angabe personenbezogener Daten m\u00f6glich. Soweit auf unseren Seiten personenbezogene Daten (beispielsweise Name, Anschrift oder E-Mail-Adressen) erhoben werden, erfolgt dies, soweit m\u00f6glich, stets auf freiwilliger Basis. Diese Daten werden ohne Ihre ausdr\u00fcckliche Zustimmung nicht an Dritte weitergegeben. <br ><br >Wir weisen darauf hin, dass die Daten\u00fcbertragung im Internet (z.B. bei der Kommunikation per E-Mail) Sicherheitsl\u00fccken aufweisen kann. Ein l\u00fcckenloser Schutz der Daten vor dem Zugriff durch Dritte ist nicht m\u00f6glich. <br ><br >Der Nutzung von im Rahmen der Impressumspflicht ver\u00f6ffentlichten Kontaktdaten durch Dritte zur \u00dcbersendung von nicht ausdr\u00fccklich angeforderter Werbung und Informationsmaterialien wird hiermit ausdr\u00fccklich widersprochen. Die Betreiber der Seiten behalten sich ausdr\u00fccklich rechtliche Schritte im Falle der unverlangten Zusendung von Werbeinformationen, etwa durch Spam-Mails, vor. Mehr: Siehe <a  href=\"https:\/\/infodienst.info?page_id=3\">Datenschutzerkl\u00e4rung<\/a>.<br ><br >Stand: 01.01.2025<br ><span  style=\"font-size: 8pt;\"><small ><a  href=\"https:\/\/www.impressum-generator.de\" class=\"\">Impressum vom Impressum Generator der Kanzlei Hasselbach, Frankfurt<\/a><\/small><\/span><\/span><\/p>\n<\/div>\n<\/div>\n<div  class=\"content-center-sm\" data-type=\"column\"><\/div>\n<\/div>\n<\/div><!-- \/wp:extendstudio\/materialis-->","protected":false},"excerpt":{"rendered":"<p>Angaben gem\u00e4\u00df \u00a7 5 Digitale-Dienste-Gesetz (DDG) \u00c6ON-Z Infodienst fut\u016brum Die Backup-SeiteAnsprechpartnerWolfgang W. KoestnerV\u00eda Melesigeni, 7E-07589 Canyamel US OfficeStella Koestner, M.Sc.4057 Foothill RoadSanta BarbaraCA 93110, USAKontakt +49 152 52192444mail [at] infodienst.info mail [at] aeon-z.orgVerantwortlich f\u00fcr den Inhalt nach \u00a7 18 Abs. 2 MStVRobert K. Falckrkfalck2010 [at] gmail.com Redaktionsstatut Aufzukl\u00e4ren und aufzur\u00fctteln \u2013 durch Fokussierung auf die&nbsp;&hellip;<\/p>\n","protected":false},"author":1,"featured_media":0,"parent":0,"menu_order":0,"comment_status":"closed","ping_status":"closed","template":"pro\/page-templates\/full-width-page.php","meta":{"footnotes":""},"class_list":["post-4472","page","type-page","status-publish","hentry"],"_links":{"self":[{"href":"https:\/\/infodienst.info\/index.php?rest_route=\/wp\/v2\/pages\/4472","targetHints":{"allow":["GET"]}}],"collection":[{"href":"https:\/\/infodienst.info\/index.php?rest_route=\/wp\/v2\/pages"}],"about":[{"href":"https:\/\/infodienst.info\/index.php?rest_route=\/wp\/v2\/types\/page"}],"author":[{"embeddable":true,"href":"https:\/\/infodienst.info\/index.php?rest_route=\/wp\/v2\/users\/1"}],"replies":[{"embeddable":true,"href":"https:\/\/infodienst.info\/index.php?rest_route=%2Fwp%2Fv2%2Fcomments&post=4472"}],"version-history":[{"count":81,"href":"https:\/\/infodienst.info\/index.php?rest_route=\/wp\/v2\/pages\/4472\/revisions"}],"predecessor-version":[{"id":1107415,"href":"https:\/\/infodienst.info\/index.php?rest_route=\/wp\/v2\/pages\/4472\/revisions\/1107415"}],"wp:attachment":[{"href":"https:\/\/infodienst.info\/index.php?rest_route=%2Fwp%2Fv2%2Fmedia&parent=4472"}],"curies":[{"name":"wp","href":"https:\/\/api.w.org\/{rel}","templated":true}]}}